{"id":467,"date":"2026-02-12T14:36:16","date_gmt":"2026-02-12T14:36:16","guid":{"rendered":"https:\/\/churrolatto.rkinformatika.online\/?page_id=467"},"modified":"2026-02-12T14:41:38","modified_gmt":"2026-02-12T14:41:38","slug":"politica-de-privacidad","status":"publish","type":"page","link":"https:\/\/churrolatto.com\/en\/politica-de-privacidad\/","title":{"rendered":"Privacy Policy"},"content":{"rendered":"<div data-elementor-type=\"wp-page\" data-elementor-id=\"467\" class=\"elementor elementor-467\" data-elementor-post-type=\"page\">\n\t\t\t\t\t\t<section class=\"elementor-section elementor-inner-section elementor-element elementor-element-f7019c3 elementor-section-height-default elementor-section-boxed elementor-section-height-default\" data-id=\"f7019c3\" data-element_type=\"section\" data-e-type=\"section\">\n\t\t\t\t\t\t<div class=\"elementor-container elementor-column-gap-default\">\n\t\t\t\t\t<div class=\"elementor-column elementor-col-100 elementor-top-column elementor-element elementor-element-5a4de19\" data-id=\"5a4de19\" data-element_type=\"column\" data-e-type=\"column\">\n\t\t\t<div class=\"elementor-widget-wrap elementor-element-populated\">\n\t\t\t\t\t\t<div class=\"elementor-element elementor-element-1c78c36 elementor-widget elementor-widget-text-editor\" data-id=\"1c78c36\" data-element_type=\"widget\" data-e-type=\"widget\" data-widget_type=\"text-editor.default\">\n\t\t\t\t\t\t\t\t\t<h1>Privacy Policy<\/h1><p>De conformidad con lo establecido en la normativa vigente en protecci\u00f3n de datos de car\u00e1cter personal, le informamos que sus datos ser\u00e1n incorporados al sistema de tratamiento titularidad de GUILLERMO GRANERO ALCOCER con C.I.F. 50898516E y domicilio social sito en AVDA. DE LOS ARCES, 12. PORTAL A &#8211; 3., Madrid (Madrid), con la finalidad de poder remitirle la correspondiente factura. En cumplimiento de la normativa vigente, GUILLERMO GRANERO ALCOCER informa que los datos ser\u00e1n conservados durante el LEGALMENTE ESTABLECIDO en cumplimiento de la normativa vigente.<\/p><p>Con la presente cl\u00e1usula queda informado de que sus datos ser\u00e1n comunicados, en caso de ser necesario, a administraciones p\u00fablicas y a todas aquellas entidades con las que sea necesaria la comunicaci\u00f3n con la finalidad de cumplir con la prestaci\u00f3n del servicio anteriormente mencionado.<\/p><p><br \/>El hecho de no facilitar los datos a las entidades mencionadas implica que no se pueda cumplir con la prestaci\u00f3n de los servicios. A su vez, le informamos que puede contactar con el Responsable de Tratamiento de <strong>GUILLERMO GRANERO ALCOCER<\/strong>, dirigi\u00e9ndose por escrito a la direcci\u00f3n de correo churrolatto@gmail.com o al tel\u00e9fono 611755889.<\/p><p><strong>GUILLERMO GRANERO ALCOCER<\/strong> informa que tratar\u00e1 los datos de manera l\u00edcita, leal, transparente, adecuada, pertinente, limitada, exacta y actualizada. Es por ello que <strong>GUILLERMO GRANERO ALCOCER<\/strong> se compromete a adoptar todas las medidas razonables para que estos se supriman o rectifiquen sin dilaci\u00f3n cuando sean inexactos.<\/p><p>Podr\u00e1 ejercer los derechos de acceso, rectificaci\u00f3n, limitaci\u00f3n de tratamiento, supresi\u00f3n, portabilidad y oposici\u00f3n\/revocaci\u00f3n, en los t\u00e9rminos que establece la normativa vigente en materia de protecci\u00f3n de datos, dirigiendo su petici\u00f3n a la direcci\u00f3n postal AVDA. DE LOS ARCES, 12. PORTAL A &#8211; 3., Madrid (Madrid) o bien a trav\u00e9s de correo electr\u00f3nico churrolatto@gmail.com.<\/p><p><br \/>Podr\u00e1 dirigirse a la Autoridad de Control competente para presentar la reclamaci\u00f3n que considere oportuna.<\/p>\t\t\t\t\t\t\t\t<\/div>\n\t\t\t\t\t<\/div>\n\t\t<\/div>\n\t\t\t\t\t<\/div>\n\t\t<\/section>\n\t\t\t\t<\/div>","protected":false},"excerpt":{"rendered":"<p>Pol\u00edtica de Privacidad De conformidad con lo establecido en la normativa vigente en protecci\u00f3n de datos de car\u00e1cter personal, le informamos que sus datos ser\u00e1n incorporados al sistema de tratamiento titularidad de GUILLERMO GRANERO ALCOCER con C.I.F. 50898516E y domicilio social sito en AVDA. DE LOS ARCES, 12. PORTAL A &#8211; 3., Madrid (Madrid), con [&hellip;]<\/p>\n","protected":false},"author":1,"featured_media":0,"parent":0,"menu_order":0,"comment_status":"closed","ping_status":"closed","template":"elementor_canvas","meta":{"footnotes":""},"class_list":["post-467","page","type-page","status-publish","hentry"],"yoast_head":"<!-- This site is optimized with the Yoast SEO plugin v27.4 - https:\/\/yoast.com\/product\/yoast-seo-wordpress\/ -->\n<title>Pol\u00edtica de Privacidad - Churrolatto<\/title>\n<meta name=\"robots\" content=\"index, follow, max-snippet:-1, max-image-preview:large, max-video-preview:-1\" \/>\n<link rel=\"canonical\" href=\"https:\/\/churrolatto.com\/en\/politica-de-privacidad\/\" \/>\n<meta property=\"og:locale\" content=\"en_US\" \/>\n<meta property=\"og:type\" content=\"article\" \/>\n<meta property=\"og:title\" content=\"Pol\u00edtica de Privacidad - Churrolatto\" \/>\n<meta property=\"og:description\" content=\"Pol\u00edtica de Privacidad De conformidad con lo establecido en la normativa vigente en protecci\u00f3n de datos de car\u00e1cter personal, le informamos que sus datos ser\u00e1n incorporados al sistema de tratamiento titularidad de GUILLERMO GRANERO ALCOCER con C.I.F. 50898516E y domicilio social sito en AVDA. DE LOS ARCES, 12. PORTAL A &#8211; 3., Madrid (Madrid), con [&hellip;]\" \/>\n<meta property=\"og:url\" content=\"https:\/\/churrolatto.com\/en\/politica-de-privacidad\/\" \/>\n<meta property=\"og:site_name\" content=\"Churrolatto\" \/>\n<meta property=\"article:modified_time\" content=\"2026-02-12T14:41:38+00:00\" \/>\n<meta name=\"twitter:card\" content=\"summary_large_image\" \/>\n<meta name=\"twitter:label1\" content=\"Est. reading time\" \/>\n\t<meta name=\"twitter:data1\" content=\"2 minutes\" \/>\n<script type=\"application\/ld+json\" class=\"yoast-schema-graph\">{\"@context\":\"https:\\\/\\\/schema.org\",\"@graph\":[{\"@type\":\"WebPage\",\"@id\":\"https:\\\/\\\/churrolatto.com\\\/politica-de-privacidad\\\/\",\"url\":\"https:\\\/\\\/churrolatto.com\\\/politica-de-privacidad\\\/\",\"name\":\"Pol\u00edtica de Privacidad - Churrolatto\",\"isPartOf\":{\"@id\":\"https:\\\/\\\/churrolatto.com\\\/#website\"},\"datePublished\":\"2026-02-12T14:36:16+00:00\",\"dateModified\":\"2026-02-12T14:41:38+00:00\",\"breadcrumb\":{\"@id\":\"https:\\\/\\\/churrolatto.com\\\/politica-de-privacidad\\\/#breadcrumb\"},\"inLanguage\":\"en-US\",\"potentialAction\":[{\"@type\":\"ReadAction\",\"target\":[\"https:\\\/\\\/churrolatto.com\\\/politica-de-privacidad\\\/\"]}]},{\"@type\":\"BreadcrumbList\",\"@id\":\"https:\\\/\\\/churrolatto.com\\\/politica-de-privacidad\\\/#breadcrumb\",\"itemListElement\":[{\"@type\":\"ListItem\",\"position\":1,\"name\":\"Portada\",\"item\":\"https:\\\/\\\/churrolatto.com\\\/\"},{\"@type\":\"ListItem\",\"position\":2,\"name\":\"Pol\u00edtica de Privacidad\"}]},{\"@type\":\"WebSite\",\"@id\":\"https:\\\/\\\/churrolatto.com\\\/#website\",\"url\":\"https:\\\/\\\/churrolatto.com\\\/\",\"name\":\"Churrolatto\",\"description\":\"\",\"publisher\":{\"@id\":\"https:\\\/\\\/churrolatto.com\\\/#organization\"},\"potentialAction\":[{\"@type\":\"SearchAction\",\"target\":{\"@type\":\"EntryPoint\",\"urlTemplate\":\"https:\\\/\\\/churrolatto.com\\\/?s={search_term_string}\"},\"query-input\":{\"@type\":\"PropertyValueSpecification\",\"valueRequired\":true,\"valueName\":\"search_term_string\"}}],\"inLanguage\":\"en-US\"},{\"@type\":\"Organization\",\"@id\":\"https:\\\/\\\/churrolatto.com\\\/#organization\",\"name\":\"Churrolatto\",\"url\":\"https:\\\/\\\/churrolatto.com\\\/\",\"logo\":{\"@type\":\"ImageObject\",\"inLanguage\":\"en-US\",\"@id\":\"https:\\\/\\\/churrolatto.com\\\/#\\\/schema\\\/logo\\\/image\\\/\",\"url\":\"https:\\\/\\\/churrolatto.com\\\/wp-content\\\/uploads\\\/2026\\\/02\\\/cropped-50898516E_logo.jpeg\",\"contentUrl\":\"https:\\\/\\\/churrolatto.com\\\/wp-content\\\/uploads\\\/2026\\\/02\\\/cropped-50898516E_logo.jpeg\",\"width\":1024,\"height\":678,\"caption\":\"Churrolatto\"},\"image\":{\"@id\":\"https:\\\/\\\/churrolatto.com\\\/#\\\/schema\\\/logo\\\/image\\\/\"}}]}<\/script>\n<!-- \/ Yoast SEO plugin. -->","yoast_head_json":{"title":"Pol\u00edtica de Privacidad - Churrolatto","robots":{"index":"index","follow":"follow","max-snippet":"max-snippet:-1","max-image-preview":"max-image-preview:large","max-video-preview":"max-video-preview:-1"},"canonical":"https:\/\/churrolatto.com\/en\/politica-de-privacidad\/","og_locale":"en_US","og_type":"article","og_title":"Pol\u00edtica de Privacidad - Churrolatto","og_description":"Pol\u00edtica de Privacidad De conformidad con lo establecido en la normativa vigente en protecci\u00f3n de datos de car\u00e1cter personal, le informamos que sus datos ser\u00e1n incorporados al sistema de tratamiento titularidad de GUILLERMO GRANERO ALCOCER con C.I.F. 50898516E y domicilio social sito en AVDA. DE LOS ARCES, 12. PORTAL A &#8211; 3., Madrid (Madrid), con [&hellip;]","og_url":"https:\/\/churrolatto.com\/en\/politica-de-privacidad\/","og_site_name":"Churrolatto","article_modified_time":"2026-02-12T14:41:38+00:00","twitter_card":"summary_large_image","twitter_misc":{"Est. reading time":"2 minutes"},"schema":{"@context":"https:\/\/schema.org","@graph":[{"@type":"WebPage","@id":"https:\/\/churrolatto.com\/politica-de-privacidad\/","url":"https:\/\/churrolatto.com\/politica-de-privacidad\/","name":"Pol\u00edtica de Privacidad - Churrolatto","isPartOf":{"@id":"https:\/\/churrolatto.com\/#website"},"datePublished":"2026-02-12T14:36:16+00:00","dateModified":"2026-02-12T14:41:38+00:00","breadcrumb":{"@id":"https:\/\/churrolatto.com\/politica-de-privacidad\/#breadcrumb"},"inLanguage":"en-US","potentialAction":[{"@type":"ReadAction","target":["https:\/\/churrolatto.com\/politica-de-privacidad\/"]}]},{"@type":"BreadcrumbList","@id":"https:\/\/churrolatto.com\/politica-de-privacidad\/#breadcrumb","itemListElement":[{"@type":"ListItem","position":1,"name":"Portada","item":"https:\/\/churrolatto.com\/"},{"@type":"ListItem","position":2,"name":"Pol\u00edtica de Privacidad"}]},{"@type":"WebSite","@id":"https:\/\/churrolatto.com\/#website","url":"https:\/\/churrolatto.com\/","name":"Churrolatto","description":"","publisher":{"@id":"https:\/\/churrolatto.com\/#organization"},"potentialAction":[{"@type":"SearchAction","target":{"@type":"EntryPoint","urlTemplate":"https:\/\/churrolatto.com\/?s={search_term_string}"},"query-input":{"@type":"PropertyValueSpecification","valueRequired":true,"valueName":"search_term_string"}}],"inLanguage":"en-US"},{"@type":"Organization","@id":"https:\/\/churrolatto.com\/#organization","name":"Churrolatto","url":"https:\/\/churrolatto.com\/","logo":{"@type":"ImageObject","inLanguage":"en-US","@id":"https:\/\/churrolatto.com\/#\/schema\/logo\/image\/","url":"https:\/\/churrolatto.com\/wp-content\/uploads\/2026\/02\/cropped-50898516E_logo.jpeg","contentUrl":"https:\/\/churrolatto.com\/wp-content\/uploads\/2026\/02\/cropped-50898516E_logo.jpeg","width":1024,"height":678,"caption":"Churrolatto"},"image":{"@id":"https:\/\/churrolatto.com\/#\/schema\/logo\/image\/"}}]}},"_links":{"self":[{"href":"https:\/\/churrolatto.com\/en\/wp-json\/wp\/v2\/pages\/467","targetHints":{"allow":["GET"]}}],"collection":[{"href":"https:\/\/churrolatto.com\/en\/wp-json\/wp\/v2\/pages"}],"about":[{"href":"https:\/\/churrolatto.com\/en\/wp-json\/wp\/v2\/types\/page"}],"author":[{"embeddable":true,"href":"https:\/\/churrolatto.com\/en\/wp-json\/wp\/v2\/users\/1"}],"replies":[{"embeddable":true,"href":"https:\/\/churrolatto.com\/en\/wp-json\/wp\/v2\/comments?post=467"}],"version-history":[{"count":7,"href":"https:\/\/churrolatto.com\/en\/wp-json\/wp\/v2\/pages\/467\/revisions"}],"predecessor-version":[{"id":474,"href":"https:\/\/churrolatto.com\/en\/wp-json\/wp\/v2\/pages\/467\/revisions\/474"}],"wp:attachment":[{"href":"https:\/\/churrolatto.com\/en\/wp-json\/wp\/v2\/media?parent=467"}],"curies":[{"name":"wp","href":"https:\/\/api.w.org\/{rel}","templated":true}]}}